{"id":1384,"date":"2020-03-17T11:31:13","date_gmt":"2020-03-17T10:31:13","guid":{"rendered":"https:\/\/epicerie-chateauvieux.ch\/?page_id=1384"},"modified":"2020-03-17T11:35:31","modified_gmt":"2020-03-17T10:35:31","slug":"fermeture-exceptionnelle","status":"publish","type":"page","link":"https:\/\/epicerie-chateauvieux.ch\/en\/fermeture-exceptionnelle\/","title":{"rendered":"Fermeture exceptionnelle"},"content":{"rendered":"\n<p>Afin de limiter la propagation du coronavirus, et sur arr\u00eat\u00e9 du Conseil d\u2019Etat genevois, notre \u00e9tablissement est ferm\u00e9 jusqu&#8217;\u00e0 nouvel ordre.Nous suivrons les consignes officielles des autorit\u00e9s cantonales et f\u00e9d\u00e9rales et vous tiendrons inform\u00e9s de l&#8217;\u00e9volution de la situation.Merci de votre compr\u00e9hension et \u00e0 tout bient\u00f4t ! \n\n<\/p>\n\n\n[table \u201c21\u201d not found \/]<br \/>\n\n","protected":false},"excerpt":{"rendered":"<p>Afin de limiter la propagation du coronavirus, et sur arr\u00eat\u00e9 du Conseil d\u2019Etat genevois, notre \u00e9tablissement est ferm\u00e9 jusqu&#8217;\u00e0 nouvel ordre.Nous suivrons les consignes officielles des autorit\u00e9s cantonales et f\u00e9d\u00e9rales et vous tiendrons inform\u00e9s de l&#8217;\u00e9volution de la situation.Merci de [&hellip;]<\/p>\n","protected":false},"author":4,"featured_media":0,"parent":0,"menu_order":0,"comment_status":"closed","ping_status":"closed","template":"","meta":{"_acf_changed":false,"footnotes":""},"class_list":["post-1384","page","type-page","status-publish","hentry"],"acf":[],"yoast_head":"<!-- This site is optimized with the Yoast SEO plugin v27.1.1 - https:\/\/yoast.com\/product\/yoast-seo-wordpress\/ -->\n<title>Fermeture exceptionnelle - L&#039;Epicerie de Ch\u00e2teauvieux<\/title>\n<meta name=\"description\" content=\"Afin de limiter la propagation du coronavirus, et sur arr\u00eat\u00e9 du Conseil d\u2019Etat genevois, notre \u00e9tablissement est ferm\u00e9 jusqu&#039;\u00e0 nouvel ordre.Nous suivrons les consignes officielles des autorit\u00e9s cantonales et f\u00e9d\u00e9rales et vous tiendrons inform\u00e9s de l&#039;\u00e9volution de la situation.Merci de votre compr\u00e9hension et \u00e0 tout bient\u00f4t !\" \/>\n<meta name=\"robots\" content=\"index, follow, max-snippet:-1, max-image-preview:large, max-video-preview:-1\" \/>\n<link rel=\"canonical\" href=\"https:\/\/epicerie-chateauvieux.ch\/en\/fermeture-exceptionnelle\/\" \/>\n<meta property=\"og:locale\" content=\"en_US\" \/>\n<meta property=\"og:type\" content=\"article\" \/>\n<meta property=\"og:title\" content=\"Fermeture exceptionnelle - L&#039;Epicerie de Ch\u00e2teauvieux\" \/>\n<meta property=\"og:description\" content=\"Afin de limiter la propagation du coronavirus, et sur arr\u00eat\u00e9 du Conseil d\u2019Etat genevois, notre \u00e9tablissement est ferm\u00e9 jusqu&#039;\u00e0 nouvel ordre.Nous suivrons les consignes officielles des autorit\u00e9s cantonales et f\u00e9d\u00e9rales et vous tiendrons inform\u00e9s de l&#039;\u00e9volution de la situation.Merci de votre compr\u00e9hension et \u00e0 tout bient\u00f4t !\" \/>\n<meta property=\"og:url\" content=\"https:\/\/epicerie-chateauvieux.ch\/en\/fermeture-exceptionnelle\/\" \/>\n<meta property=\"og:site_name\" content=\"L&#039;Epicerie de Ch\u00e2teauvieux\" \/>\n<meta property=\"article:modified_time\" content=\"2020-03-17T10:35:31+00:00\" \/>\n<meta name=\"twitter:card\" content=\"summary_large_image\" \/>\n<script type=\"application\/ld+json\" class=\"yoast-schema-graph\">{\"@context\":\"https:\/\/schema.org\",\"@graph\":[{\"@type\":\"WebPage\",\"@id\":\"https:\/\/epicerie-chateauvieux.ch\/en\/fermeture-exceptionnelle\/\",\"url\":\"https:\/\/epicerie-chateauvieux.ch\/en\/fermeture-exceptionnelle\/\",\"name\":\"Fermeture exceptionnelle - L&#039;Epicerie de Ch\u00e2teauvieux\",\"isPartOf\":{\"@id\":\"https:\/\/epicerie-chateauvieux.ch\/#website\"},\"datePublished\":\"2020-03-17T10:31:13+00:00\",\"dateModified\":\"2020-03-17T10:35:31+00:00\",\"description\":\"Afin de limiter la propagation du coronavirus, et sur arr\u00eat\u00e9 du Conseil d\u2019Etat genevois, notre \u00e9tablissement est ferm\u00e9 jusqu'\u00e0 nouvel ordre.Nous suivrons les consignes officielles des autorit\u00e9s cantonales et f\u00e9d\u00e9rales et vous tiendrons inform\u00e9s de l'\u00e9volution de la situation.Merci de votre compr\u00e9hension et \u00e0 tout bient\u00f4t !\",\"breadcrumb\":{\"@id\":\"https:\/\/epicerie-chateauvieux.ch\/en\/fermeture-exceptionnelle\/#breadcrumb\"},\"inLanguage\":\"en-US\",\"potentialAction\":[{\"@type\":\"ReadAction\",\"target\":[\"https:\/\/epicerie-chateauvieux.ch\/en\/fermeture-exceptionnelle\/\"]}]},{\"@type\":\"BreadcrumbList\",\"@id\":\"https:\/\/epicerie-chateauvieux.ch\/en\/fermeture-exceptionnelle\/#breadcrumb\",\"itemListElement\":[{\"@type\":\"ListItem\",\"position\":1,\"name\":\"Accueil\",\"item\":\"https:\/\/epicerie-chateauvieux.ch\/en\/\"},{\"@type\":\"ListItem\",\"position\":2,\"name\":\"Fermeture exceptionnelle\"}]},{\"@type\":\"WebSite\",\"@id\":\"https:\/\/epicerie-chateauvieux.ch\/#website\",\"url\":\"https:\/\/epicerie-chateauvieux.ch\/\",\"name\":\"L&#039;Epicerie de Ch\u00e2teauvieux\",\"description\":\"Cuisines du Soleil\",\"potentialAction\":[{\"@type\":\"SearchAction\",\"target\":{\"@type\":\"EntryPoint\",\"urlTemplate\":\"https:\/\/epicerie-chateauvieux.ch\/?s={search_term_string}\"},\"query-input\":{\"@type\":\"PropertyValueSpecification\",\"valueRequired\":true,\"valueName\":\"search_term_string\"}}],\"inLanguage\":\"en-US\"}]}<\/script>\n<!-- \/ Yoast SEO plugin. -->","yoast_head_json":{"title":"Fermeture exceptionnelle - L&#039;Epicerie de Ch\u00e2teauvieux","description":"Afin de limiter la propagation du coronavirus, et sur arr\u00eat\u00e9 du Conseil d\u2019Etat genevois, notre \u00e9tablissement est ferm\u00e9 jusqu'\u00e0 nouvel ordre.Nous suivrons les consignes officielles des autorit\u00e9s cantonales et f\u00e9d\u00e9rales et vous tiendrons inform\u00e9s de l'\u00e9volution de la situation.Merci de votre compr\u00e9hension et \u00e0 tout bient\u00f4t !","robots":{"index":"index","follow":"follow","max-snippet":"max-snippet:-1","max-image-preview":"max-image-preview:large","max-video-preview":"max-video-preview:-1"},"canonical":"https:\/\/epicerie-chateauvieux.ch\/en\/fermeture-exceptionnelle\/","og_locale":"en_US","og_type":"article","og_title":"Fermeture exceptionnelle - L&#039;Epicerie de Ch\u00e2teauvieux","og_description":"Afin de limiter la propagation du coronavirus, et sur arr\u00eat\u00e9 du Conseil d\u2019Etat genevois, notre \u00e9tablissement est ferm\u00e9 jusqu'\u00e0 nouvel ordre.Nous suivrons les consignes officielles des autorit\u00e9s cantonales et f\u00e9d\u00e9rales et vous tiendrons inform\u00e9s de l'\u00e9volution de la situation.Merci de votre compr\u00e9hension et \u00e0 tout bient\u00f4t !","og_url":"https:\/\/epicerie-chateauvieux.ch\/en\/fermeture-exceptionnelle\/","og_site_name":"L&#039;Epicerie de Ch\u00e2teauvieux","article_modified_time":"2020-03-17T10:35:31+00:00","twitter_card":"summary_large_image","schema":{"@context":"https:\/\/schema.org","@graph":[{"@type":"WebPage","@id":"https:\/\/epicerie-chateauvieux.ch\/en\/fermeture-exceptionnelle\/","url":"https:\/\/epicerie-chateauvieux.ch\/en\/fermeture-exceptionnelle\/","name":"Fermeture exceptionnelle - L&#039;Epicerie de Ch\u00e2teauvieux","isPartOf":{"@id":"https:\/\/epicerie-chateauvieux.ch\/#website"},"datePublished":"2020-03-17T10:31:13+00:00","dateModified":"2020-03-17T10:35:31+00:00","description":"Afin de limiter la propagation du coronavirus, et sur arr\u00eat\u00e9 du Conseil d\u2019Etat genevois, notre \u00e9tablissement est ferm\u00e9 jusqu'\u00e0 nouvel ordre.Nous suivrons les consignes officielles des autorit\u00e9s cantonales et f\u00e9d\u00e9rales et vous tiendrons inform\u00e9s de l'\u00e9volution de la situation.Merci de votre compr\u00e9hension et \u00e0 tout bient\u00f4t !","breadcrumb":{"@id":"https:\/\/epicerie-chateauvieux.ch\/en\/fermeture-exceptionnelle\/#breadcrumb"},"inLanguage":"en-US","potentialAction":[{"@type":"ReadAction","target":["https:\/\/epicerie-chateauvieux.ch\/en\/fermeture-exceptionnelle\/"]}]},{"@type":"BreadcrumbList","@id":"https:\/\/epicerie-chateauvieux.ch\/en\/fermeture-exceptionnelle\/#breadcrumb","itemListElement":[{"@type":"ListItem","position":1,"name":"Accueil","item":"https:\/\/epicerie-chateauvieux.ch\/en\/"},{"@type":"ListItem","position":2,"name":"Fermeture exceptionnelle"}]},{"@type":"WebSite","@id":"https:\/\/epicerie-chateauvieux.ch\/#website","url":"https:\/\/epicerie-chateauvieux.ch\/","name":"L&#039;Epicerie de Ch\u00e2teauvieux","description":"Cuisines du Soleil","potentialAction":[{"@type":"SearchAction","target":{"@type":"EntryPoint","urlTemplate":"https:\/\/epicerie-chateauvieux.ch\/?s={search_term_string}"},"query-input":{"@type":"PropertyValueSpecification","valueRequired":true,"valueName":"search_term_string"}}],"inLanguage":"en-US"}]}},"_links":{"self":[{"href":"https:\/\/epicerie-chateauvieux.ch\/en\/wp-json\/wp\/v2\/pages\/1384","targetHints":{"allow":["GET"]}}],"collection":[{"href":"https:\/\/epicerie-chateauvieux.ch\/en\/wp-json\/wp\/v2\/pages"}],"about":[{"href":"https:\/\/epicerie-chateauvieux.ch\/en\/wp-json\/wp\/v2\/types\/page"}],"author":[{"embeddable":true,"href":"https:\/\/epicerie-chateauvieux.ch\/en\/wp-json\/wp\/v2\/users\/4"}],"replies":[{"embeddable":true,"href":"https:\/\/epicerie-chateauvieux.ch\/en\/wp-json\/wp\/v2\/comments?post=1384"}],"version-history":[{"count":3,"href":"https:\/\/epicerie-chateauvieux.ch\/en\/wp-json\/wp\/v2\/pages\/1384\/revisions"}],"predecessor-version":[{"id":1389,"href":"https:\/\/epicerie-chateauvieux.ch\/en\/wp-json\/wp\/v2\/pages\/1384\/revisions\/1389"}],"wp:attachment":[{"href":"https:\/\/epicerie-chateauvieux.ch\/en\/wp-json\/wp\/v2\/media?parent=1384"}],"curies":[{"name":"wp","href":"https:\/\/api.w.org\/{rel}","templated":true}]}}