{"id":33,"date":"2017-12-15T14:15:08","date_gmt":"2017-12-15T13:15:08","guid":{"rendered":"http:\/\/epicerie-chateauvieux.ch\/homepage\/"},"modified":"2025-07-21T07:56:08","modified_gmt":"2025-07-21T05:56:08","slug":"accueil","status":"publish","type":"page","link":"https:\/\/epicerie-chateauvieux.ch\/en\/","title":{"rendered":"Accueil"},"content":{"rendered":"","protected":false},"excerpt":{"rendered":"","protected":false},"author":1,"featured_media":0,"parent":0,"menu_order":0,"comment_status":"closed","ping_status":"closed","template":"templates\/page_fullwidth_grid-layout.php","meta":{"_acf_changed":false,"footnotes":""},"class_list":["post-33","page","type-page","status-publish","hentry"],"acf":[],"yoast_head":"<!-- This site is optimized with the Yoast SEO plugin v27.1.1 - https:\/\/yoast.com\/product\/yoast-seo-wordpress\/ -->\n<title>L&#039;\u00e9picerie de chateauvieux. Domaine de Ch\u00e2teauvieux. Philippe Chevrier<\/title>\n<meta name=\"description\" content=\"L&#039;\u00e9picerie de chateauvieux. Domaine de Ch\u00e2teauvieux. Philippe Chevrier\" \/>\n<meta name=\"robots\" content=\"index, follow, max-snippet:-1, max-image-preview:large, max-video-preview:-1\" \/>\n<link rel=\"canonical\" href=\"https:\/\/epicerie-chateauvieux.ch\/en\/\" \/>\n<meta property=\"og:locale\" content=\"en_US\" \/>\n<meta property=\"og:type\" content=\"article\" \/>\n<meta property=\"og:title\" content=\"L&#039;\u00e9picerie de chateauvieux. Domaine de Ch\u00e2teauvieux. Philippe Chevrier\" \/>\n<meta property=\"og:description\" content=\"L&#039;\u00e9picerie de chateauvieux. Domaine de Ch\u00e2teauvieux. Philippe Chevrier\" \/>\n<meta property=\"og:url\" content=\"https:\/\/epicerie-chateauvieux.ch\/en\/\" \/>\n<meta property=\"og:site_name\" content=\"L&#039;Epicerie de Ch\u00e2teauvieux\" \/>\n<meta property=\"article:modified_time\" content=\"2025-07-21T05:56:08+00:00\" \/>\n<meta name=\"twitter:card\" content=\"summary_large_image\" \/>\n<script type=\"application\/ld+json\" class=\"yoast-schema-graph\">{\"@context\":\"https:\/\/schema.org\",\"@graph\":[{\"@type\":\"WebPage\",\"@id\":\"https:\/\/epicerie-chateauvieux.ch\/en\/\",\"url\":\"https:\/\/epicerie-chateauvieux.ch\/en\/\",\"name\":\"L'\u00e9picerie de chateauvieux. Domaine de Ch\u00e2teauvieux. Philippe Chevrier\",\"isPartOf\":{\"@id\":\"https:\/\/epicerie-chateauvieux.ch\/#website\"},\"datePublished\":\"2017-12-15T13:15:08+00:00\",\"dateModified\":\"2025-07-21T05:56:08+00:00\",\"description\":\"L'\u00e9picerie de chateauvieux. Domaine de Ch\u00e2teauvieux. Philippe Chevrier\",\"breadcrumb\":{\"@id\":\"https:\/\/epicerie-chateauvieux.ch\/en\/#breadcrumb\"},\"inLanguage\":\"en-US\",\"potentialAction\":[{\"@type\":\"ReadAction\",\"target\":[\"https:\/\/epicerie-chateauvieux.ch\/en\/\"]}]},{\"@type\":\"BreadcrumbList\",\"@id\":\"https:\/\/epicerie-chateauvieux.ch\/en\/#breadcrumb\",\"itemListElement\":[{\"@type\":\"ListItem\",\"position\":1,\"name\":\"Accueil\",\"item\":\"https:\/\/epicerie-chateauvieux.ch\/en\/\"},{\"@type\":\"ListItem\",\"position\":2,\"name\":\"Accueil\"}]},{\"@type\":\"WebSite\",\"@id\":\"https:\/\/epicerie-chateauvieux.ch\/#website\",\"url\":\"https:\/\/epicerie-chateauvieux.ch\/\",\"name\":\"L&#039;Epicerie de Ch\u00e2teauvieux\",\"description\":\"Cuisines du Soleil\",\"potentialAction\":[{\"@type\":\"SearchAction\",\"target\":{\"@type\":\"EntryPoint\",\"urlTemplate\":\"https:\/\/epicerie-chateauvieux.ch\/?s={search_term_string}\"},\"query-input\":{\"@type\":\"PropertyValueSpecification\",\"valueRequired\":true,\"valueName\":\"search_term_string\"}}],\"inLanguage\":\"en-US\"}]}<\/script>\n<!-- \/ Yoast SEO plugin. -->","yoast_head_json":{"title":"L'\u00e9picerie de chateauvieux. Domaine de Ch\u00e2teauvieux. Philippe Chevrier","description":"L'\u00e9picerie de chateauvieux. Domaine de Ch\u00e2teauvieux. Philippe Chevrier","robots":{"index":"index","follow":"follow","max-snippet":"max-snippet:-1","max-image-preview":"max-image-preview:large","max-video-preview":"max-video-preview:-1"},"canonical":"https:\/\/epicerie-chateauvieux.ch\/en\/","og_locale":"en_US","og_type":"article","og_title":"L'\u00e9picerie de chateauvieux. Domaine de Ch\u00e2teauvieux. Philippe Chevrier","og_description":"L'\u00e9picerie de chateauvieux. Domaine de Ch\u00e2teauvieux. Philippe Chevrier","og_url":"https:\/\/epicerie-chateauvieux.ch\/en\/","og_site_name":"L&#039;Epicerie de Ch\u00e2teauvieux","article_modified_time":"2025-07-21T05:56:08+00:00","twitter_card":"summary_large_image","schema":{"@context":"https:\/\/schema.org","@graph":[{"@type":"WebPage","@id":"https:\/\/epicerie-chateauvieux.ch\/en\/","url":"https:\/\/epicerie-chateauvieux.ch\/en\/","name":"L'\u00e9picerie de chateauvieux. Domaine de Ch\u00e2teauvieux. Philippe Chevrier","isPartOf":{"@id":"https:\/\/epicerie-chateauvieux.ch\/#website"},"datePublished":"2017-12-15T13:15:08+00:00","dateModified":"2025-07-21T05:56:08+00:00","description":"L'\u00e9picerie de chateauvieux. Domaine de Ch\u00e2teauvieux. Philippe Chevrier","breadcrumb":{"@id":"https:\/\/epicerie-chateauvieux.ch\/en\/#breadcrumb"},"inLanguage":"en-US","potentialAction":[{"@type":"ReadAction","target":["https:\/\/epicerie-chateauvieux.ch\/en\/"]}]},{"@type":"BreadcrumbList","@id":"https:\/\/epicerie-chateauvieux.ch\/en\/#breadcrumb","itemListElement":[{"@type":"ListItem","position":1,"name":"Accueil","item":"https:\/\/epicerie-chateauvieux.ch\/en\/"},{"@type":"ListItem","position":2,"name":"Accueil"}]},{"@type":"WebSite","@id":"https:\/\/epicerie-chateauvieux.ch\/#website","url":"https:\/\/epicerie-chateauvieux.ch\/","name":"L&#039;Epicerie de Ch\u00e2teauvieux","description":"Cuisines du Soleil","potentialAction":[{"@type":"SearchAction","target":{"@type":"EntryPoint","urlTemplate":"https:\/\/epicerie-chateauvieux.ch\/?s={search_term_string}"},"query-input":{"@type":"PropertyValueSpecification","valueRequired":true,"valueName":"search_term_string"}}],"inLanguage":"en-US"}]}},"_links":{"self":[{"href":"https:\/\/epicerie-chateauvieux.ch\/en\/wp-json\/wp\/v2\/pages\/33","targetHints":{"allow":["GET"]}}],"collection":[{"href":"https:\/\/epicerie-chateauvieux.ch\/en\/wp-json\/wp\/v2\/pages"}],"about":[{"href":"https:\/\/epicerie-chateauvieux.ch\/en\/wp-json\/wp\/v2\/types\/page"}],"author":[{"embeddable":true,"href":"https:\/\/epicerie-chateauvieux.ch\/en\/wp-json\/wp\/v2\/users\/1"}],"replies":[{"embeddable":true,"href":"https:\/\/epicerie-chateauvieux.ch\/en\/wp-json\/wp\/v2\/comments?post=33"}],"version-history":[{"count":78,"href":"https:\/\/epicerie-chateauvieux.ch\/en\/wp-json\/wp\/v2\/pages\/33\/revisions"}],"predecessor-version":[{"id":1764,"href":"https:\/\/epicerie-chateauvieux.ch\/en\/wp-json\/wp\/v2\/pages\/33\/revisions\/1764"}],"wp:attachment":[{"href":"https:\/\/epicerie-chateauvieux.ch\/en\/wp-json\/wp\/v2\/media?parent=33"}],"curies":[{"name":"wp","href":"https:\/\/api.w.org\/{rel}","templated":true}]}}