{"id":392,"date":"2018-01-24T09:49:24","date_gmt":"2018-01-24T08:49:24","guid":{"rendered":"http:\/\/epicerie-chateauvieux.ch\/cuisines-du-soleil\/"},"modified":"2018-12-11T16:18:27","modified_gmt":"2018-12-11T15:18:27","slug":"ourproducts","status":"publish","type":"page","link":"https:\/\/epicerie-chateauvieux.ch\/en\/ourproducts\/","title":{"rendered":"The Products"},"content":{"rendered":"","protected":false},"excerpt":{"rendered":"","protected":false},"author":1,"featured_media":0,"parent":0,"menu_order":0,"comment_status":"closed","ping_status":"closed","template":"templates\/page_fullwidth_block-layout.php","meta":{"_acf_changed":false,"footnotes":""},"class_list":["post-392","page","type-page","status-publish","hentry"],"acf":[],"yoast_head":"<!-- This site is optimized with the Yoast SEO plugin v27.1.1 - https:\/\/yoast.com\/product\/yoast-seo-wordpress\/ -->\n<title>The Products - L&#039;Epicerie de Ch\u00e2teauvieux<\/title>\n<meta name=\"description\" content=\"Les ar\u00f4mes subtils de la marjolaine nous transportent en m\u00e9diterran\u00e9e et font revivre de doux souvenirs de vacances estivales. Amoureux de la cuisine italienne et inspir\u00e9 par les saveurs m\u00e9ridionales, Philippe Chevrier rel\u00e8ve encore un nouveau d\u00e9fi.\" \/>\n<meta name=\"robots\" content=\"index, follow, max-snippet:-1, max-image-preview:large, max-video-preview:-1\" \/>\n<link rel=\"canonical\" href=\"https:\/\/epicerie-chateauvieux.ch\/en\/ourproducts\/\" \/>\n<meta property=\"og:locale\" content=\"en_US\" \/>\n<meta property=\"og:type\" content=\"article\" \/>\n<meta property=\"og:title\" content=\"The Products - L&#039;Epicerie de Ch\u00e2teauvieux\" \/>\n<meta property=\"og:description\" content=\"Les ar\u00f4mes subtils de la marjolaine nous transportent en m\u00e9diterran\u00e9e et font revivre de doux souvenirs de vacances estivales. Amoureux de la cuisine italienne et inspir\u00e9 par les saveurs m\u00e9ridionales, Philippe Chevrier rel\u00e8ve encore un nouveau d\u00e9fi.\" \/>\n<meta property=\"og:url\" content=\"https:\/\/epicerie-chateauvieux.ch\/en\/ourproducts\/\" \/>\n<meta property=\"og:site_name\" content=\"L&#039;Epicerie de Ch\u00e2teauvieux\" \/>\n<meta property=\"article:modified_time\" content=\"2018-12-11T15:18:27+00:00\" \/>\n<meta name=\"twitter:card\" content=\"summary_large_image\" \/>\n<script type=\"application\/ld+json\" class=\"yoast-schema-graph\">{\"@context\":\"https:\/\/schema.org\",\"@graph\":[{\"@type\":\"WebPage\",\"@id\":\"https:\/\/epicerie-chateauvieux.ch\/en\/ourproducts\/\",\"url\":\"https:\/\/epicerie-chateauvieux.ch\/en\/ourproducts\/\",\"name\":\"The Products - L&#039;Epicerie de Ch\u00e2teauvieux\",\"isPartOf\":{\"@id\":\"https:\/\/epicerie-chateauvieux.ch\/#website\"},\"datePublished\":\"2018-01-24T08:49:24+00:00\",\"dateModified\":\"2018-12-11T15:18:27+00:00\",\"description\":\"Les ar\u00f4mes subtils de la marjolaine nous transportent en m\u00e9diterran\u00e9e et font revivre de doux souvenirs de vacances estivales. Amoureux de la cuisine italienne et inspir\u00e9 par les saveurs m\u00e9ridionales, Philippe Chevrier rel\u00e8ve encore un nouveau d\u00e9fi.\",\"breadcrumb\":{\"@id\":\"https:\/\/epicerie-chateauvieux.ch\/en\/ourproducts\/#breadcrumb\"},\"inLanguage\":\"en-US\",\"potentialAction\":[{\"@type\":\"ReadAction\",\"target\":[\"https:\/\/epicerie-chateauvieux.ch\/en\/ourproducts\/\"]}]},{\"@type\":\"BreadcrumbList\",\"@id\":\"https:\/\/epicerie-chateauvieux.ch\/en\/ourproducts\/#breadcrumb\",\"itemListElement\":[{\"@type\":\"ListItem\",\"position\":1,\"name\":\"Accueil\",\"item\":\"https:\/\/epicerie-chateauvieux.ch\/en\/\"},{\"@type\":\"ListItem\",\"position\":2,\"name\":\"The Products\"}]},{\"@type\":\"WebSite\",\"@id\":\"https:\/\/epicerie-chateauvieux.ch\/#website\",\"url\":\"https:\/\/epicerie-chateauvieux.ch\/\",\"name\":\"L&#039;Epicerie de Ch\u00e2teauvieux\",\"description\":\"Cuisines du Soleil\",\"potentialAction\":[{\"@type\":\"SearchAction\",\"target\":{\"@type\":\"EntryPoint\",\"urlTemplate\":\"https:\/\/epicerie-chateauvieux.ch\/?s={search_term_string}\"},\"query-input\":{\"@type\":\"PropertyValueSpecification\",\"valueRequired\":true,\"valueName\":\"search_term_string\"}}],\"inLanguage\":\"en-US\"}]}<\/script>\n<!-- \/ Yoast SEO plugin. -->","yoast_head_json":{"title":"The Products - L&#039;Epicerie de Ch\u00e2teauvieux","description":"Les ar\u00f4mes subtils de la marjolaine nous transportent en m\u00e9diterran\u00e9e et font revivre de doux souvenirs de vacances estivales. Amoureux de la cuisine italienne et inspir\u00e9 par les saveurs m\u00e9ridionales, Philippe Chevrier rel\u00e8ve encore un nouveau d\u00e9fi.","robots":{"index":"index","follow":"follow","max-snippet":"max-snippet:-1","max-image-preview":"max-image-preview:large","max-video-preview":"max-video-preview:-1"},"canonical":"https:\/\/epicerie-chateauvieux.ch\/en\/ourproducts\/","og_locale":"en_US","og_type":"article","og_title":"The Products - L&#039;Epicerie de Ch\u00e2teauvieux","og_description":"Les ar\u00f4mes subtils de la marjolaine nous transportent en m\u00e9diterran\u00e9e et font revivre de doux souvenirs de vacances estivales. Amoureux de la cuisine italienne et inspir\u00e9 par les saveurs m\u00e9ridionales, Philippe Chevrier rel\u00e8ve encore un nouveau d\u00e9fi.","og_url":"https:\/\/epicerie-chateauvieux.ch\/en\/ourproducts\/","og_site_name":"L&#039;Epicerie de Ch\u00e2teauvieux","article_modified_time":"2018-12-11T15:18:27+00:00","twitter_card":"summary_large_image","schema":{"@context":"https:\/\/schema.org","@graph":[{"@type":"WebPage","@id":"https:\/\/epicerie-chateauvieux.ch\/en\/ourproducts\/","url":"https:\/\/epicerie-chateauvieux.ch\/en\/ourproducts\/","name":"The Products - L&#039;Epicerie de Ch\u00e2teauvieux","isPartOf":{"@id":"https:\/\/epicerie-chateauvieux.ch\/#website"},"datePublished":"2018-01-24T08:49:24+00:00","dateModified":"2018-12-11T15:18:27+00:00","description":"Les ar\u00f4mes subtils de la marjolaine nous transportent en m\u00e9diterran\u00e9e et font revivre de doux souvenirs de vacances estivales. Amoureux de la cuisine italienne et inspir\u00e9 par les saveurs m\u00e9ridionales, Philippe Chevrier rel\u00e8ve encore un nouveau d\u00e9fi.","breadcrumb":{"@id":"https:\/\/epicerie-chateauvieux.ch\/en\/ourproducts\/#breadcrumb"},"inLanguage":"en-US","potentialAction":[{"@type":"ReadAction","target":["https:\/\/epicerie-chateauvieux.ch\/en\/ourproducts\/"]}]},{"@type":"BreadcrumbList","@id":"https:\/\/epicerie-chateauvieux.ch\/en\/ourproducts\/#breadcrumb","itemListElement":[{"@type":"ListItem","position":1,"name":"Accueil","item":"https:\/\/epicerie-chateauvieux.ch\/en\/"},{"@type":"ListItem","position":2,"name":"The Products"}]},{"@type":"WebSite","@id":"https:\/\/epicerie-chateauvieux.ch\/#website","url":"https:\/\/epicerie-chateauvieux.ch\/","name":"L&#039;Epicerie de Ch\u00e2teauvieux","description":"Cuisines du Soleil","potentialAction":[{"@type":"SearchAction","target":{"@type":"EntryPoint","urlTemplate":"https:\/\/epicerie-chateauvieux.ch\/?s={search_term_string}"},"query-input":{"@type":"PropertyValueSpecification","valueRequired":true,"valueName":"search_term_string"}}],"inLanguage":"en-US"}]}},"_links":{"self":[{"href":"https:\/\/epicerie-chateauvieux.ch\/en\/wp-json\/wp\/v2\/pages\/392","targetHints":{"allow":["GET"]}}],"collection":[{"href":"https:\/\/epicerie-chateauvieux.ch\/en\/wp-json\/wp\/v2\/pages"}],"about":[{"href":"https:\/\/epicerie-chateauvieux.ch\/en\/wp-json\/wp\/v2\/types\/page"}],"author":[{"embeddable":true,"href":"https:\/\/epicerie-chateauvieux.ch\/en\/wp-json\/wp\/v2\/users\/1"}],"replies":[{"embeddable":true,"href":"https:\/\/epicerie-chateauvieux.ch\/en\/wp-json\/wp\/v2\/comments?post=392"}],"version-history":[{"count":13,"href":"https:\/\/epicerie-chateauvieux.ch\/en\/wp-json\/wp\/v2\/pages\/392\/revisions"}],"predecessor-version":[{"id":1058,"href":"https:\/\/epicerie-chateauvieux.ch\/en\/wp-json\/wp\/v2\/pages\/392\/revisions\/1058"}],"wp:attachment":[{"href":"https:\/\/epicerie-chateauvieux.ch\/en\/wp-json\/wp\/v2\/media?parent=392"}],"curies":[{"name":"wp","href":"https:\/\/api.w.org\/{rel}","templated":true}]}}