{"id":473,"date":"2018-02-27T15:31:57","date_gmt":"2018-02-27T14:31:57","guid":{"rendered":"http:\/\/epicerie-chateauvieux.ch\/le-menu\/carte-a-lemporter\/"},"modified":"2021-12-03T15:38:57","modified_gmt":"2021-12-03T14:38:57","slug":"baskets","status":"publish","type":"page","link":"https:\/\/epicerie-chateauvieux.ch\/en\/ourproducts\/baskets\/","title":{"rendered":"BASKETS &#038; delicious boxes"},"content":{"rendered":"<p>Our team develops customized baskets according to your desires and your budget or proposes compositions of products already carefully selected from the following boxes:<\/p>\n\n<table id=\"tablepress-7\" class=\"tablepress tablepress-id-7\">\n<tbody>\n<tr class=\"row-1\">\n\t<td class=\"column-1\"><h2>Coffret Vins 2 bouteilles<\/h2><\/td><td class=\"column-2\"><h2>Chf 75.00<\/h2><\/td><td class=\"column-3\"><\/td>\n<\/tr>\n<tr class=\"row-2\">\n\t<td class=\"column-1\">Merlot f\u00fbt AOC 2024, Domaine de la Comtesse Eldegarde  Nicolas Bonnet -Gen\u00e8ve<\/td><td class=\"column-2\">1 bouteille<\/td><td class=\"column-3\"><\/td>\n<\/tr>\n<tr class=\"row-3\">\n\t<td class=\"column-1\">Pouilly Fuiss\u00e9 Les Plessys BIO 2022, Domaine Dominique Cornin -Bourgogne<\/td><td class=\"column-2\">1 bouteille<\/td><td class=\"column-3\"><\/td>\n<\/tr>\n<tr class=\"row-4\">\n\t<td class=\"column-1\"><h2>Coffret Vins 3 bouteilles<\/h2><\/td><td class=\"column-2\"><h2>Chf 135.00<\/h2><\/td><td class=\"column-3\"><\/td>\n<\/tr>\n<tr class=\"row-5\">\n\t<td class=\"column-1\">Sauvignon Blanc AOC 2024, Domaine de la Comtesse Eldegarde  Nicolas Bonnet -Gen\u00e8ve<\/td><td class=\"column-2\">1 bouteille<\/td><td class=\"column-3\"><\/td>\n<\/tr>\n<tr class=\"row-6\">\n\t<td class=\"column-1\">Condrieu Chery 2023, Domaine Andr\u00e9 Perret -Vall\u00e9e du Rh\u00f4ne<\/td><td class=\"column-2\">1 bouteille<\/td><td class=\"column-3\"><\/td>\n<\/tr>\n<tr class=\"row-7\">\n\t<td class=\"column-1\">Gamaret AOC 2024, Domaine de la Comtesse Eldegarde  Nicolas Bonnet -Gen\u00e8ve<\/td><td class=\"column-2\">1 bouteille<\/td><td class=\"column-3\"><\/td>\n<\/tr>\n<tr class=\"row-8\">\n\t<td class=\"column-1\"><h2>Coffret Vins 6 bouteilles<\/h2><\/td><td class=\"column-2\"><h2>Chf 195.00<\/h2><\/td><td class=\"column-3\"><\/td>\n<\/tr>\n<tr class=\"row-9\">\n\t<td class=\"column-1\">Saumur Les Perri\u00e8res Blanc 2023, Domaine Arnaud Lambert -Loire<\/td><td class=\"column-2\">1 bouteille<\/td><td class=\"column-3\"><\/td>\n<\/tr>\n<tr class=\"row-10\">\n\t<td class=\"column-1\">Crozes Hermitage \"Les Trois Ch\u00eanes\" 2023, Emmanuel Darnaud - Vall\u00e9e du Rh\u00f4ne<\/td><td class=\"column-2\">1 bouteille<\/td><td class=\"column-3\"><\/td>\n<\/tr>\n<tr class=\"row-11\">\n\t<td class=\"column-1\">Pouilly Fuiss\u00e9 Les Plessys BIO 2022, Domaine Dominique Cornin - Bourgogne<\/td><td class=\"column-2\">1 bouteille<\/td><td class=\"column-3\"><\/td>\n<\/tr>\n<tr class=\"row-12\">\n\t<td class=\"column-1\">Sauvignon Blanc AOC 2024, Domaine de la Comtesse Eldegarde  Nicolas Bonnet -Gen\u00e8ve<\/td><td class=\"column-2\">1 bouteille<\/td><td class=\"column-3\"><\/td>\n<\/tr>\n<tr class=\"row-13\">\n\t<td class=\"column-1\">Pernand Vergelesses Rouge 2023, Domaine Rollin -Bourgogne<\/td><td class=\"column-2\">1 bouteille<\/td><td class=\"column-3\"><\/td>\n<\/tr>\n<tr class=\"row-14\">\n\t<td class=\"column-1\">Ch\u00e2teauneuf du Pape Rouge 2023, Domaine Le Vieux Donjon -Vall\u00e9e du Rh\u00f4ne<\/td><td class=\"column-2\">1 bouteille<\/td><td class=\"column-3\"><\/td>\n<\/tr>\n<tr class=\"row-15\">\n\t<td class=\"column-1\"><h2>Panier Gourmet<\/h2><\/td><td class=\"column-2\"><h2>Chf 175.00<\/h2><\/td><td class=\"column-3\"><\/td>\n<\/tr>\n<tr class=\"row-16\">\n\t<td class=\"column-1\">Torchon de foie gras de canard nature <\/td><td class=\"column-2\">125 gr<\/td><td class=\"column-3\"><\/td>\n<\/tr>\n<tr class=\"row-17\">\n\t<td class=\"column-1\">Terrine de noix de Saint-Jacques , fines herbes et baies roses<\/td><td class=\"column-2\">300 gr<\/td><td class=\"column-3\"><\/td>\n<\/tr>\n<tr class=\"row-18\">\n\t<td class=\"column-1\">Risotto Nostrano du Tessin au curry de Madras et baies de Goji<\/td><td class=\"column-2\">250 gr<\/td><td class=\"column-3\"><\/td>\n<\/tr>\n<tr class=\"row-19\">\n\t<td class=\"column-1\">Rillette de volaille r\u00f4tie<\/td><td class=\"column-2\">160 gr<\/td><td class=\"column-3\"><\/td>\n<\/tr>\n<tr class=\"row-20\">\n\t<td class=\"column-1\">Biscuits chocolat orange<\/td><td class=\"column-2\">100 gr<\/td><td class=\"column-3\"><\/td>\n<\/tr>\n<tr class=\"row-21\">\n\t<td class=\"column-1\">Barres croustillante caramel beurre sal\u00e9<\/td><td class=\"column-2\">2 pi\u00e8ces<\/td><td class=\"column-3\"><\/td>\n<\/tr>\n<tr class=\"row-22\">\n\t<td class=\"column-1\">Noisettes caram\u00e9lis\u00e9es enrob\u00e9es de chocolat<\/td><td class=\"column-2\">100 gr<\/td><td class=\"column-3\"><\/td>\n<\/tr>\n<tr class=\"row-23\">\n\t<td class=\"column-1\">Saumur Champigny Yves Lambert 2022, Domaine Arnaud Lambert -Loire<\/td><td class=\"column-2\">1 bouteille<\/td><td class=\"column-3\"><\/td>\n<\/tr>\n<tr class=\"row-24\">\n\t<td class=\"column-1\"><h2>Panier T\u00eate \u00e0 T\u00eate<\/h2><\/td><td class=\"column-2\"><h2>Chf 240.00<\/h2><\/td><td class=\"column-3\"><\/td>\n<\/tr>\n<tr class=\"row-25\">\n\t<td class=\"column-1\">Torchon de foie gras de canard nature <\/td><td class=\"column-2\">125 gr<\/td><td class=\"column-3\"><\/td>\n<\/tr>\n<tr class=\"row-26\">\n\t<td class=\"column-1\">Fricass\u00e9 de volaille au vinaigre de X\u00e9r\u00e8s<\/td><td class=\"column-2\">480 gr<\/td><td class=\"column-3\"><\/td>\n<\/tr>\n<tr class=\"row-27\">\n\t<td class=\"column-1\">Rillettes de crabe<\/td><td class=\"column-2\">160 gr<\/td><td class=\"column-3\"><\/td>\n<\/tr>\n<tr class=\"row-28\">\n\t<td class=\"column-1\">Risotto au Safran<\/td><td class=\"column-2\">250 gr<\/td><td class=\"column-3\"><\/td>\n<\/tr>\n<tr class=\"row-29\">\n\t<td class=\"column-1\">Biscuits chocolat orange<\/td><td class=\"column-2\">100 gr<\/td><td class=\"column-3\"><\/td>\n<\/tr>\n<tr class=\"row-30\">\n\t<td class=\"column-1\">Cabosses au chocolat noir framboise et lait bergamote<\/td><td class=\"column-2\">12 pi\u00e8ces<\/td><td class=\"column-3\"><\/td>\n<\/tr>\n<tr class=\"row-31\">\n\t<td class=\"column-1\">Gamaret f\u00fbt AOC 2024, Domaine de la Comtesse Eldegarde  Nicolas Bonnet -Gen\u00e8ve<\/td><td class=\"column-2\">1 bouteille<\/td><td class=\"column-3\"><\/td>\n<\/tr>\n<tr class=\"row-32\">\n\t<td class=\"column-1\">Champagne le Ros\u00e9 A. Margaine - Champagne<\/td><td class=\"column-2\">1 bouteille<\/td><td class=\"column-3\"><\/td>\n<\/tr>\n<tr class=\"row-33\">\n\t<td class=\"column-1\"><h2>Panier Fin Bec<\/h2><\/td><td class=\"column-2\"><h2>Chf 295.00<\/h2><\/td><td class=\"column-3\"><\/td>\n<\/tr>\n<tr class=\"row-34\">\n\t<td class=\"column-1\">Torchon de foie gras de canard nature <\/td><td class=\"column-2\">250 gr<\/td><td class=\"column-3\"><\/td>\n<\/tr>\n<tr class=\"row-35\">\n\t<td class=\"column-1\">Cuisse de canette \u00e0 l'orange<\/td><td class=\"column-2\">480 gr<\/td><td class=\"column-3\"><\/td>\n<\/tr>\n<tr class=\"row-36\">\n\t<td class=\"column-1\">Coeur de saumon marin\u00e9 \u00e0 l'aneth et 4 poivres<\/td><td class=\"column-2\">250 gr<\/td><td class=\"column-3\"><\/td>\n<\/tr>\n<tr class=\"row-37\">\n\t<td class=\"column-1\">Sabl\u00e9s Curry et graines de pavot<\/td><td class=\"column-2\">100 gr<\/td><td class=\"column-3\"><\/td>\n<\/tr>\n<tr class=\"row-38\">\n\t<td class=\"column-1\">Cabosses au chocolat noir framboise et lait bergamote<\/td><td class=\"column-2\">12 pi\u00e8ces<\/td><td class=\"column-3\"><\/td>\n<\/tr>\n<tr class=\"row-39\">\n\t<td class=\"column-1\">Noisettes caram\u00e9lis\u00e9es enrob\u00e9es de chocolat<\/td><td class=\"column-2\">100 gr<\/td><td class=\"column-3\"><\/td>\n<\/tr>\n<tr class=\"row-40\">\n\t<td class=\"column-1\">Champagne le Brut A. Margaine - Champagne<\/td><td class=\"column-2\">1 bouteille<\/td><td class=\"column-3\"><\/td>\n<\/tr>\n<tr class=\"row-41\">\n\t<td class=\"column-1\">Ch\u00e2teauneuf du Pape Rouge 2023, Domaine Le Vieux Donjon -Vall\u00e9e du Rh\u00f4ne<\/td><td class=\"column-2\">1 bouteille<\/td><td class=\"column-3\"><\/td>\n<\/tr>\n<tr class=\"row-42\">\n\t<td class=\"column-1\"><h2>Coffret de la Mer <\/h2><\/td><td class=\"column-2\"><h2>Chf 115.00<\/h2><\/td><td class=\"column-3\"><\/td>\n<\/tr>\n<tr class=\"row-43\">\n\t<td class=\"column-1\">Terrine de noix de Saint-Jacques , fines herbes et baies roses<\/td><td class=\"column-2\">300 gr<\/td><td class=\"column-3\"><\/td>\n<\/tr>\n<tr class=\"row-44\">\n\t<td class=\"column-1\">Rillette de saumon frais et fum\u00e9 aux zestes de citron<\/td><td class=\"column-2\">160 gr<\/td><td class=\"column-3\"><\/td>\n<\/tr>\n<tr class=\"row-45\">\n\t<td class=\"column-1\">Rillette de crabe<\/td><td class=\"column-2\">160 gr<\/td><td class=\"column-3\"><\/td>\n<\/tr>\n<tr class=\"row-46\">\n\t<td class=\"column-1\">Sauvignon blanc Menetou-Salon Tour Saint-Martin BIO 2023, Domaine Minchin - Loire<\/td><td class=\"column-2\">1 bouteille<\/td><td class=\"column-3\"><\/td>\n<\/tr>\n<tr class=\"row-47\">\n\t<td class=\"column-1\"><h2>Coffret des D\u00e9lices<\/h2><\/td><td class=\"column-2\"><h2>Chf 99.00<\/h2><\/td><td class=\"column-3\"><\/td>\n<\/tr>\n<tr class=\"row-48\">\n\t<td class=\"column-1\">Rochers amandes lait<\/td><td class=\"column-2\">6 pi\u00e8ces<\/td><td class=\"column-3\"><\/td>\n<\/tr>\n<tr class=\"row-49\">\n\t<td class=\"column-1\">Cabosses au chocolat noir framboise et lait bergamote<\/td><td class=\"column-2\">12 pi\u00e8ces<\/td><td class=\"column-3\"><\/td>\n<\/tr>\n<tr class=\"row-50\">\n\t<td class=\"column-1\">Barres croustillante caramel beurre sal\u00e9<\/td><td class=\"column-2\">2 pi\u00e8ces<\/td><td class=\"column-3\"><\/td>\n<\/tr>\n<tr class=\"row-51\">\n\t<td class=\"column-1\">Biscuits chocolat orange<\/td><td class=\"column-2\">100 gr<\/td><td class=\"column-3\"><\/td>\n<\/tr>\n<tr class=\"row-52\">\n\t<td class=\"column-1\">Noisettes caram\u00e9lis\u00e9es enrob\u00e9es de chocolat<\/td><td class=\"column-2\">100 gr<\/td><td class=\"column-3\"><\/td>\n<\/tr>\n<tr class=\"row-53\">\n\t<td class=\"column-1\">Cerdon Bugey 2023, Rapha\u00ebl Bartucci -Savoie<\/td><td class=\"column-2\">1 bouteille<\/td><td class=\"column-3\"><\/td>\n<\/tr>\n<tr class=\"row-54\">\n\t<td class=\"column-1\"><h2>Coffret D\u00e9licatesses avec la Cave de Gen\u00e8ve<\/h2><\/td><td class=\"column-2\"><h2>Chf 85.00<\/h2><\/td><td class=\"column-3\"><\/td>\n<\/tr>\n<tr class=\"row-55\">\n\t<td class=\"column-1\">Sabl\u00e9s Curry et graines de pavot<\/td><td class=\"column-2\">100 gr<\/td><td class=\"column-3\"><\/td>\n<\/tr>\n<tr class=\"row-56\">\n\t<td class=\"column-1\">Tablette de chocolat noir aux noisettes<\/td><td class=\"column-2\">100 gr<\/td><td class=\"column-3\"><\/td>\n<\/tr>\n<tr class=\"row-57\">\n\t<td class=\"column-1\">Ecorces d'orange au chocolat<\/td><td class=\"column-2\">45 gr<\/td><td class=\"column-3\"><\/td>\n<\/tr>\n<tr class=\"row-58\">\n\t<td class=\"column-1\">Biscuits Pi\u00e9montais<\/td><td class=\"column-2\">50 gr<\/td><td class=\"column-3\"><\/td>\n<\/tr>\n<tr class=\"row-59\">\n\t<td class=\"column-1\">Biscuits chocolat cannelle<\/td><td class=\"column-2\">100 gr<\/td><td class=\"column-3\"><\/td>\n<\/tr>\n<tr class=\"row-60\">\n\t<td class=\"column-1\">Chardonnay \u00e9lev\u00e9 en f\u00fbt de ch\u00eane AOC 2023, vin de Philippe Chevrier -Gen\u00e8ve<\/td><td class=\"column-2\">1 bouteille<\/td><td class=\"column-3\"><\/td>\n<\/tr>\n<\/tbody>\n<\/table>\n<!-- #tablepress-7 from cache -->\n","protected":false},"excerpt":{"rendered":"<p>Our team develops customized baskets according to your desires and your budget or proposes compositions of products already carefully selected from the following boxes:<\/p>\n","protected":false},"author":1,"featured_media":0,"parent":392,"menu_order":0,"comment_status":"closed","ping_status":"closed","template":"","meta":{"_acf_changed":false,"footnotes":""},"class_list":["post-473","page","type-page","status-publish","hentry"],"acf":[],"yoast_head":"<!-- This site is optimized with the Yoast SEO plugin v27.1.1 - https:\/\/yoast.com\/product\/yoast-seo-wordpress\/ -->\n<title>BASKETS &amp; delicious boxes - L&#039;Epicerie de Ch\u00e2teauvieux<\/title>\n<meta name=\"description\" content=\"Take away - Profitez du Jardin Anglais et de ses bords du Lac avec nos plats \u00e0 l&#039;emporter\" \/>\n<meta name=\"robots\" content=\"index, follow, max-snippet:-1, max-image-preview:large, max-video-preview:-1\" \/>\n<link rel=\"canonical\" href=\"https:\/\/epicerie-chateauvieux.ch\/en\/ourproducts\/baskets\/\" \/>\n<meta property=\"og:locale\" content=\"en_US\" \/>\n<meta property=\"og:type\" content=\"article\" \/>\n<meta property=\"og:title\" content=\"BASKETS &amp; delicious boxes - L&#039;Epicerie de Ch\u00e2teauvieux\" \/>\n<meta property=\"og:description\" content=\"Take away - Profitez du Jardin Anglais et de ses bords du Lac avec nos plats \u00e0 l&#039;emporter\" \/>\n<meta property=\"og:url\" content=\"https:\/\/epicerie-chateauvieux.ch\/en\/ourproducts\/baskets\/\" \/>\n<meta property=\"og:site_name\" content=\"L&#039;Epicerie de Ch\u00e2teauvieux\" \/>\n<meta property=\"article:modified_time\" content=\"2021-12-03T14:38:57+00:00\" \/>\n<meta name=\"twitter:card\" content=\"summary_large_image\" \/>\n<meta name=\"twitter:label1\" content=\"Est. reading time\" \/>\n\t<meta name=\"twitter:data1\" content=\"1 minute\" \/>\n<script type=\"application\/ld+json\" class=\"yoast-schema-graph\">{\"@context\":\"https:\/\/schema.org\",\"@graph\":[{\"@type\":\"WebPage\",\"@id\":\"https:\/\/epicerie-chateauvieux.ch\/en\/ourproducts\/baskets\/\",\"url\":\"https:\/\/epicerie-chateauvieux.ch\/en\/ourproducts\/baskets\/\",\"name\":\"BASKETS & delicious boxes - L&#039;Epicerie de Ch\u00e2teauvieux\",\"isPartOf\":{\"@id\":\"https:\/\/epicerie-chateauvieux.ch\/#website\"},\"datePublished\":\"2018-02-27T14:31:57+00:00\",\"dateModified\":\"2021-12-03T14:38:57+00:00\",\"description\":\"Take away - Profitez du Jardin Anglais et de ses bords du Lac avec nos plats \u00e0 l'emporter\",\"breadcrumb\":{\"@id\":\"https:\/\/epicerie-chateauvieux.ch\/en\/ourproducts\/baskets\/#breadcrumb\"},\"inLanguage\":\"en-US\",\"potentialAction\":[{\"@type\":\"ReadAction\",\"target\":[\"https:\/\/epicerie-chateauvieux.ch\/en\/ourproducts\/baskets\/\"]}]},{\"@type\":\"BreadcrumbList\",\"@id\":\"https:\/\/epicerie-chateauvieux.ch\/en\/ourproducts\/baskets\/#breadcrumb\",\"itemListElement\":[{\"@type\":\"ListItem\",\"position\":1,\"name\":\"Accueil\",\"item\":\"https:\/\/epicerie-chateauvieux.ch\/en\/\"},{\"@type\":\"ListItem\",\"position\":2,\"name\":\"The Products\",\"item\":\"https:\/\/epicerie-chateauvieux.ch\/en\/ourproducts\/\"},{\"@type\":\"ListItem\",\"position\":3,\"name\":\"BASKETS &#038; delicious boxes\"}]},{\"@type\":\"WebSite\",\"@id\":\"https:\/\/epicerie-chateauvieux.ch\/#website\",\"url\":\"https:\/\/epicerie-chateauvieux.ch\/\",\"name\":\"L&#039;Epicerie de Ch\u00e2teauvieux\",\"description\":\"Cuisines du Soleil\",\"potentialAction\":[{\"@type\":\"SearchAction\",\"target\":{\"@type\":\"EntryPoint\",\"urlTemplate\":\"https:\/\/epicerie-chateauvieux.ch\/?s={search_term_string}\"},\"query-input\":{\"@type\":\"PropertyValueSpecification\",\"valueRequired\":true,\"valueName\":\"search_term_string\"}}],\"inLanguage\":\"en-US\"}]}<\/script>\n<!-- \/ Yoast SEO plugin. -->","yoast_head_json":{"title":"BASKETS & delicious boxes - L&#039;Epicerie de Ch\u00e2teauvieux","description":"Take away - Profitez du Jardin Anglais et de ses bords du Lac avec nos plats \u00e0 l'emporter","robots":{"index":"index","follow":"follow","max-snippet":"max-snippet:-1","max-image-preview":"max-image-preview:large","max-video-preview":"max-video-preview:-1"},"canonical":"https:\/\/epicerie-chateauvieux.ch\/en\/ourproducts\/baskets\/","og_locale":"en_US","og_type":"article","og_title":"BASKETS & delicious boxes - L&#039;Epicerie de Ch\u00e2teauvieux","og_description":"Take away - Profitez du Jardin Anglais et de ses bords du Lac avec nos plats \u00e0 l'emporter","og_url":"https:\/\/epicerie-chateauvieux.ch\/en\/ourproducts\/baskets\/","og_site_name":"L&#039;Epicerie de Ch\u00e2teauvieux","article_modified_time":"2021-12-03T14:38:57+00:00","twitter_card":"summary_large_image","twitter_misc":{"Est. reading time":"1 minute"},"schema":{"@context":"https:\/\/schema.org","@graph":[{"@type":"WebPage","@id":"https:\/\/epicerie-chateauvieux.ch\/en\/ourproducts\/baskets\/","url":"https:\/\/epicerie-chateauvieux.ch\/en\/ourproducts\/baskets\/","name":"BASKETS & delicious boxes - L&#039;Epicerie de Ch\u00e2teauvieux","isPartOf":{"@id":"https:\/\/epicerie-chateauvieux.ch\/#website"},"datePublished":"2018-02-27T14:31:57+00:00","dateModified":"2021-12-03T14:38:57+00:00","description":"Take away - Profitez du Jardin Anglais et de ses bords du Lac avec nos plats \u00e0 l'emporter","breadcrumb":{"@id":"https:\/\/epicerie-chateauvieux.ch\/en\/ourproducts\/baskets\/#breadcrumb"},"inLanguage":"en-US","potentialAction":[{"@type":"ReadAction","target":["https:\/\/epicerie-chateauvieux.ch\/en\/ourproducts\/baskets\/"]}]},{"@type":"BreadcrumbList","@id":"https:\/\/epicerie-chateauvieux.ch\/en\/ourproducts\/baskets\/#breadcrumb","itemListElement":[{"@type":"ListItem","position":1,"name":"Accueil","item":"https:\/\/epicerie-chateauvieux.ch\/en\/"},{"@type":"ListItem","position":2,"name":"The Products","item":"https:\/\/epicerie-chateauvieux.ch\/en\/ourproducts\/"},{"@type":"ListItem","position":3,"name":"BASKETS &#038; delicious boxes"}]},{"@type":"WebSite","@id":"https:\/\/epicerie-chateauvieux.ch\/#website","url":"https:\/\/epicerie-chateauvieux.ch\/","name":"L&#039;Epicerie de Ch\u00e2teauvieux","description":"Cuisines du Soleil","potentialAction":[{"@type":"SearchAction","target":{"@type":"EntryPoint","urlTemplate":"https:\/\/epicerie-chateauvieux.ch\/?s={search_term_string}"},"query-input":{"@type":"PropertyValueSpecification","valueRequired":true,"valueName":"search_term_string"}}],"inLanguage":"en-US"}]}},"_links":{"self":[{"href":"https:\/\/epicerie-chateauvieux.ch\/en\/wp-json\/wp\/v2\/pages\/473","targetHints":{"allow":["GET"]}}],"collection":[{"href":"https:\/\/epicerie-chateauvieux.ch\/en\/wp-json\/wp\/v2\/pages"}],"about":[{"href":"https:\/\/epicerie-chateauvieux.ch\/en\/wp-json\/wp\/v2\/types\/page"}],"author":[{"embeddable":true,"href":"https:\/\/epicerie-chateauvieux.ch\/en\/wp-json\/wp\/v2\/users\/1"}],"replies":[{"embeddable":true,"href":"https:\/\/epicerie-chateauvieux.ch\/en\/wp-json\/wp\/v2\/comments?post=473"}],"version-history":[{"count":12,"href":"https:\/\/epicerie-chateauvieux.ch\/en\/wp-json\/wp\/v2\/pages\/473\/revisions"}],"predecessor-version":[{"id":1526,"href":"https:\/\/epicerie-chateauvieux.ch\/en\/wp-json\/wp\/v2\/pages\/473\/revisions\/1526"}],"up":[{"embeddable":true,"href":"https:\/\/epicerie-chateauvieux.ch\/en\/wp-json\/wp\/v2\/pages\/392"}],"wp:attachment":[{"href":"https:\/\/epicerie-chateauvieux.ch\/en\/wp-json\/wp\/v2\/media?parent=473"}],"curies":[{"name":"wp","href":"https:\/\/api.w.org\/{rel}","templated":true}]}}